{"id":11003,"date":"2025-03-04T09:40:20","date_gmt":"2025-03-04T09:40:20","guid":{"rendered":"https:\/\/www.eedtrans.com\/demo\/wordpress\/themes\/kariez\/?page_id=11003"},"modified":"2025-09-11T14:01:44","modified_gmt":"2025-09-11T14:01:44","slug":"portfolio","status":"publish","type":"page","link":"https:\/\/eedtrans.com\/fr\/portfolio\/","title":{"rendered":"Portfolio"},"content":{"rendered":"<div data-elementor-type=\"wp-page\" data-elementor-id=\"11003\" class=\"elementor elementor-11003\">\n\t\t\t\t<div class=\"elementor-element elementor-element-0b89559 e-con-full e-flex rt-parallax-bg-no e-con e-parent\" data-id=\"0b89559\" data-element_type=\"container\">\n\t\t<div class=\"elementor-element elementor-element-487aae2 e-con-full e-flex rt-parallax-bg-no e-con e-child\" data-id=\"487aae2\" data-element_type=\"container\">\n\t\t\t\t<div class=\"elementor-element elementor-element-5a3703e elementor-invisible elementor-widget elementor-widget-rt-project\" data-id=\"5a3703e\" data-element_type=\"widget\" data-widget_type=\"rt-project.default\">\n\t\t\t\t<div class=\"elementor-widget-container\">\n\t\t\t\t\t<div class=\"rt-project-default rt-project-multi-layout-2 project-grid-layout-2\">\r\n\t<div class=\"row g-4\">\r\n\t\t                <div class=\"rt-grid-item col-xl-4 col-lg-6 col-md-6 col-sm-6 col-xs-12 wow-off fadeInUp\" data-wow-delay=\"200ms\" data-wow-duration=\"1200ms\">\r\n                    <div class=\"project-item\">\r\n                        <div class=\"project-thumbs shape-hidden\">\r\n\t                        \r\n\t                        \t\t<div class=\"post-thumbnail-wrap\">\n\n\t\t\t\t\t<figure class=\"post-thumbnail\">\n\t\t\t\t<a class=\"post-thumb-link alignwide\" href=\"https:\/\/eedtrans.com\/fr\/projects\/industrial-container-ship\/\" aria-hidden=\"true\" tabindex=\"-1\"><img fetchpriority=\"high\" decoding=\"async\" width=\"832\" height=\"520\" src=\"https:\/\/eedtrans.com\/wp-content\/uploads\/2025\/01\/project-32-1-2-832x520.jpg\" class=\"attachment-kariez-size2 size-kariez-size2 wp-post-image\" alt=\"\" srcset=\"https:\/\/eedtrans.com\/wp-content\/uploads\/2025\/01\/project-32-1-2-832x520.jpg 832w, https:\/\/eedtrans.com\/wp-content\/uploads\/2025\/01\/project-32-1-2-18x12.jpg 18w\" sizes=\"(max-width: 832px) 100vw, 832px\" \/><\/a>\n\t\t\t<\/figure><!-- .post-thumbnail -->\n\n\t\t\t\t\t\n\t\t<\/div>\n\t\t\r\n\r\n                            <div class=\"project-content\">\r\n                                <div class=\"project-info\">\r\n                                    <h3 class=\"project-title\"><a href=\"https:\/\/eedtrans.com\/fr\/projects\/industrial-container-ship\/\">Entrep\u00f4ts efficaces<\/a><\/h3>\r\n                                                                    <span class=\"project-cat\">                                                <a href=\"https:\/\/eedtrans.com\/fr\/rt-project-category\/warehousing-storage\/\">\r\n                                                Entreposage &amp; Stockage<\/a><\/span>\r\n                                                            <\/div>\r\n                                                    <\/div>\r\n                        <\/div>\r\n                    <\/div>\r\n                <\/div>\r\n                            <div class=\"rt-grid-item col-xl-4 col-lg-6 col-md-6 col-sm-6 col-xs-12 wow-off fadeInUp\" data-wow-delay=\"400ms\" data-wow-duration=\"1200ms\">\r\n                    <div class=\"project-item\">\r\n                        <div class=\"project-thumbs shape-hidden\">\r\n\t                        \r\n\t                        \t\t<div class=\"post-thumbnail-wrap\">\n\n\t\t\t\t\t<figure class=\"post-thumbnail\">\n\t\t\t\t<a class=\"post-thumb-link alignwide\" href=\"https:\/\/eedtrans.com\/fr\/projects\/cargo-port-servicesin\/\" aria-hidden=\"true\" tabindex=\"-1\"><img decoding=\"async\" width=\"832\" height=\"520\" src=\"https:\/\/eedtrans.com\/wp-content\/uploads\/2025\/01\/project-31-1-2-832x520.jpg\" class=\"attachment-kariez-size2 size-kariez-size2 wp-post-image\" alt=\"\" srcset=\"https:\/\/eedtrans.com\/wp-content\/uploads\/2025\/01\/project-31-1-2-832x520.jpg 832w, https:\/\/eedtrans.com\/wp-content\/uploads\/2025\/01\/project-31-1-2-18x12.jpg 18w\" sizes=\"(max-width: 832px) 100vw, 832px\" \/><\/a>\n\t\t\t<\/figure><!-- .post-thumbnail -->\n\n\t\t\t\t\t\n\t\t<\/div>\n\t\t\r\n\r\n                            <div class=\"project-content\">\r\n                                <div class=\"project-info\">\r\n                                    <h3 class=\"project-title\"><a href=\"https:\/\/eedtrans.com\/fr\/projects\/cargo-port-servicesin\/\">Services portuaires de fret<\/a><\/h3>\r\n                                                                    <span class=\"project-cat\">                                                <a href=\"https:\/\/eedtrans.com\/fr\/rt-project-category\/railway-transport\/\">\r\n                                                Transport ferroviaire<\/a><\/span>\r\n                                                            <\/div>\r\n                                                    <\/div>\r\n                        <\/div>\r\n                    <\/div>\r\n                <\/div>\r\n                            <div class=\"rt-grid-item col-xl-4 col-lg-6 col-md-6 col-sm-6 col-xs-12 wow-off fadeInUp\" data-wow-delay=\"600ms\" data-wow-duration=\"1200ms\">\r\n                    <div class=\"project-item\">\r\n                        <div class=\"project-thumbs shape-hidden\">\r\n\t                        \r\n\t                        \t\t<div class=\"post-thumbnail-wrap\">\n\n\t\t\t\t\t<figure class=\"post-thumbnail\">\n\t\t\t\t<a class=\"post-thumb-link alignwide\" href=\"https:\/\/eedtrans.com\/fr\/projects\/cargo-ship-loading-port\/\" aria-hidden=\"true\" tabindex=\"-1\"><img decoding=\"async\" width=\"832\" height=\"520\" src=\"https:\/\/eedtrans.com\/wp-content\/uploads\/2025\/01\/project-29-1-2-832x520.jpg\" class=\"attachment-kariez-size2 size-kariez-size2 wp-post-image\" alt=\"\" srcset=\"https:\/\/eedtrans.com\/wp-content\/uploads\/2025\/01\/project-29-1-2-832x520.jpg 832w, https:\/\/eedtrans.com\/wp-content\/uploads\/2025\/01\/project-29-1-2-18x12.jpg 18w\" sizes=\"(max-width: 832px) 100vw, 832px\" \/><\/a>\n\t\t\t<\/figure><!-- .post-thumbnail -->\n\n\t\t\t\t\t\n\t\t<\/div>\n\t\t\r\n\r\n                            <div class=\"project-content\">\r\n                                <div class=\"project-info\">\r\n                                    <h3 class=\"project-title\"><a href=\"https:\/\/eedtrans.com\/fr\/projects\/cargo-ship-loading-port\/\">Port de chargement de navires de marchandises<\/a><\/h3>\r\n                                                                    <span class=\"project-cat\">                                                <a href=\"https:\/\/eedtrans.com\/fr\/rt-project-category\/cargo-ship\/\">\r\n                                                Navire de marchandises<\/a><\/span>\r\n                                                            <\/div>\r\n                                                    <\/div>\r\n                        <\/div>\r\n                    <\/div>\r\n                <\/div>\r\n                            <div class=\"rt-grid-item col-xl-4 col-lg-6 col-md-6 col-sm-6 col-xs-12 wow-off fadeInUp\" data-wow-delay=\"800ms\" data-wow-duration=\"1200ms\">\r\n                    <div class=\"project-item\">\r\n                        <div class=\"project-thumbs shape-hidden\">\r\n\t                        \r\n\t                        \t\t<div class=\"post-thumbnail-wrap\">\n\n\t\t\t\t\t<figure class=\"post-thumbnail\">\n\t\t\t\t<a class=\"post-thumb-link alignwide\" href=\"https:\/\/eedtrans.com\/fr\/projects\/air-fright-forwarding-2\/\" aria-hidden=\"true\" tabindex=\"-1\"><img loading=\"lazy\" decoding=\"async\" width=\"810\" height=\"520\" src=\"https:\/\/eedtrans.com\/wp-content\/uploads\/2025\/01\/project-28-1-2-810x520.jpg\" class=\"attachment-kariez-size2 size-kariez-size2 wp-post-image\" alt=\"\" \/><\/a>\n\t\t\t<\/figure><!-- .post-thumbnail -->\n\n\t\t\t\t\t\n\t\t<\/div>\n\t\t\r\n\r\n                            <div class=\"project-content\">\r\n                                <div class=\"project-info\">\r\n                                    <h3 class=\"project-title\"><a href=\"https:\/\/eedtrans.com\/fr\/projects\/air-fright-forwarding-2\/\">Fret a\u00e9rien \/ Exp\u00e9dition a\u00e9rienne<\/a><\/h3>\r\n                                                                    <span class=\"project-cat\">                                                <a href=\"https:\/\/eedtrans.com\/fr\/rt-project-category\/air-freight\/\">\r\n                                                Fret a\u00e9rien<\/a><\/span>\r\n                                                            <\/div>\r\n                                                    <\/div>\r\n                        <\/div>\r\n                    <\/div>\r\n                <\/div>\r\n                            <div class=\"rt-grid-item col-xl-4 col-lg-6 col-md-6 col-sm-6 col-xs-12 wow-off fadeInUp\" data-wow-delay=\"1000ms\" data-wow-duration=\"1200ms\">\r\n                    <div class=\"project-item\">\r\n                        <div class=\"project-thumbs shape-hidden\">\r\n\t                        \r\n\t                        \t\t<div class=\"post-thumbnail-wrap\">\n\n\t\t\t\t\t<figure class=\"post-thumbnail\">\n\t\t\t\t<a class=\"post-thumb-link alignwide\" href=\"https:\/\/eedtrans.com\/fr\/projects\/railways-roundtable-2\/\" aria-hidden=\"true\" tabindex=\"-1\"><img loading=\"lazy\" decoding=\"async\" width=\"810\" height=\"520\" src=\"https:\/\/eedtrans.com\/wp-content\/uploads\/2025\/01\/project-27-1-2-810x520.jpg\" class=\"attachment-kariez-size2 size-kariez-size2 wp-post-image\" alt=\"\" \/><\/a>\n\t\t\t<\/figure><!-- .post-thumbnail -->\n\n\t\t\t\t\t\n\t\t<\/div>\n\t\t\r\n\r\n                            <div class=\"project-content\">\r\n                                <div class=\"project-info\">\r\n                                    <h3 class=\"project-title\"><a href=\"https:\/\/eedtrans.com\/fr\/projects\/railways-roundtable-2\/\">Table ronde ferroviaire<\/a><\/h3>\r\n                                                                    <span class=\"project-cat\">                                                <a href=\"https:\/\/eedtrans.com\/fr\/rt-project-category\/railway-transport\/\">\r\n                                                Transport ferroviaire<\/a><\/span>\r\n                                                            <\/div>\r\n                                                    <\/div>\r\n                        <\/div>\r\n                    <\/div>\r\n                <\/div>\r\n                            <div class=\"rt-grid-item col-xl-4 col-lg-6 col-md-6 col-sm-6 col-xs-12 wow-off fadeInUp\" data-wow-delay=\"1200ms\" data-wow-duration=\"1200ms\">\r\n                    <div class=\"project-item\">\r\n                        <div class=\"project-thumbs shape-hidden\">\r\n\t                        \r\n\t                        \t\t<div class=\"post-thumbnail-wrap\">\n\n\t\t\t\t\t<figure class=\"post-thumbnail\">\n\t\t\t\t<a class=\"post-thumb-link alignwide\" href=\"https:\/\/eedtrans.com\/fr\/projects\/logistics-regulations-2\/\" aria-hidden=\"true\" tabindex=\"-1\"><img loading=\"lazy\" decoding=\"async\" width=\"832\" height=\"520\" src=\"https:\/\/eedtrans.com\/wp-content\/uploads\/2025\/04\/service-2-2-832x520.jpg\" class=\"attachment-kariez-size2 size-kariez-size2 wp-post-image\" alt=\"\" \/><\/a>\n\t\t\t<\/figure><!-- .post-thumbnail -->\n\n\t\t\t\t\t\n\t\t<\/div>\n\t\t\r\n\r\n                            <div class=\"project-content\">\r\n                                <div class=\"project-info\">\r\n                                    <h3 class=\"project-title\"><a href=\"https:\/\/eedtrans.com\/fr\/projects\/logistics-regulations-2\/\">R\u00e9glementations logistiques<\/a><\/h3>\r\n                                                                    <span class=\"project-cat\">                                                <a href=\"https:\/\/eedtrans.com\/fr\/rt-project-category\/land-transport\/\">\r\n                                                Transport terrestre<\/a><\/span>\r\n                                                            <\/div>\r\n                                                    <\/div>\r\n                        <\/div>\r\n                    <\/div>\r\n                <\/div>\r\n                            <div class=\"rt-grid-item col-xl-4 col-lg-6 col-md-6 col-sm-6 col-xs-12 wow-off fadeInUp\" data-wow-delay=\"1400ms\" data-wow-duration=\"1200ms\">\r\n                    <div class=\"project-item\">\r\n                        <div class=\"project-thumbs shape-hidden\">\r\n\t                        \r\n\t                        \r\n\r\n                            <div class=\"project-content\">\r\n                                <div class=\"project-info\">\r\n                                    <h3 class=\"project-title\"><a href=\"https:\/\/eedtrans.com\/fr\/projects\/ocean-cargo-roundtable\/\">Ocean Cargo Roundtable<\/a><\/h3>\r\n                                                                    <span class=\"project-cat\">                                                <a href=\"https:\/\/eedtrans.com\/fr\/rt-project-category\/cargo-transports\/\">\r\n                                                Cargo Transports<\/a><\/span>\r\n                                                            <\/div>\r\n                                                    <\/div>\r\n                        <\/div>\r\n                    <\/div>\r\n                <\/div>\r\n                            <div class=\"rt-grid-item col-xl-4 col-lg-6 col-md-6 col-sm-6 col-xs-12 wow-off fadeInUp\" data-wow-delay=\"1600ms\" data-wow-duration=\"1200ms\">\r\n                    <div class=\"project-item\">\r\n                        <div class=\"project-thumbs shape-hidden\">\r\n\t                        \r\n\t                        \r\n\r\n                            <div class=\"project-content\">\r\n                                <div class=\"project-info\">\r\n                                    <h3 class=\"project-title\"><a href=\"https:\/\/eedtrans.com\/fr\/projects\/storage\/\">Stockage<\/a><\/h3>\r\n                                                                    <span class=\"project-cat\">                                                <a href=\"https:\/\/eedtrans.com\/fr\/rt-project-category\/cargo-transports\/\">\r\n                                                Cargo Transports<\/a><\/span>\r\n                                                            <\/div>\r\n                                                    <\/div>\r\n                        <\/div>\r\n                    <\/div>\r\n                <\/div>\r\n                            <div class=\"rt-grid-item col-xl-4 col-lg-6 col-md-6 col-sm-6 col-xs-12 wow-off fadeInUp\" data-wow-delay=\"1800ms\" data-wow-duration=\"1200ms\">\r\n                    <div class=\"project-item\">\r\n                        <div class=\"project-thumbs shape-hidden\">\r\n\t                        \r\n\t                        \r\n\r\n                            <div class=\"project-content\">\r\n                                <div class=\"project-info\">\r\n                                    <h3 class=\"project-title\"><a href=\"https:\/\/eedtrans.com\/fr\/projects\/cargo-roundtable\/\">Cargo Roundtable<\/a><\/h3>\r\n                                                                    <span class=\"project-cat\">                                                <a href=\"https:\/\/eedtrans.com\/fr\/rt-project-category\/cargo-transports\/\">\r\n                                                Cargo Transports<\/a><\/span>\r\n                                                            <\/div>\r\n                                                    <\/div>\r\n                        <\/div>\r\n                    <\/div>\r\n                <\/div>\r\n            \t    \t\t\t<\/div>\r\n<\/div>\t\t\t\t<\/div>\n\t\t\t\t<\/div>\n\t\t\t\t<\/div>\n\t\t\t\t<\/div>\n\t\t<div class=\"elementor-element elementor-element-f6d7812 e-flex e-con-boxed rt-parallax-bg-no e-con e-parent\" data-id=\"f6d7812\" data-element_type=\"container\" data-settings=\"{&quot;background_background&quot;:&quot;classic&quot;}\">\n\t\t\t\t\t<div class=\"e-con-inner\">\n\t\t\t\t<div class=\"elementor-element elementor-element-49b45f8 elementor-invisible elementor-widget elementor-widget-rt-title\" data-id=\"49b45f8\" data-element_type=\"widget\" data-widget_type=\"rt-title.default\">\n\t\t\t\t<div class=\"elementor-widget-container\">\n\t\t\t\t\t<div class=\"section-title-wrapper section-title-wrapper-layout-1\">\r\n\t<div class=\"title-inner-wrapper\">\r\n\t\t<!--Top Sub Title-->\r\n\t\t\r\n\t\t<!--Main Title-->\r\n\t\t        <div class=\"wow-off fadeInUp\" data-wow-delay=\"400ms\" data-wow-duration=\"1200ms\">\r\n            <h2 class=\"main-title\">\r\n            Notre \u00e9quipe est pr\u00eate \u00e0 vous assister \u00e0 tout moment.        <\/h2>\r\n        <\/div>\r\n        \r\n        <!--Description-->\r\n                    <div class=\"description wow-off fadeInUp\" data-wow-delay=\"600ms\" data-wow-duration=\"1200ms\"><p>Pour plus d\u2019informations, n\u2019h\u00e9sitez pas \u00e0 nous contacter.<\/p><\/div>\r\n                \r\n    <\/div>\r\n<\/div>\t\t\t\t<\/div>\n\t\t\t\t<\/div>\n\t\t\t\t<div class=\"elementor-element elementor-element-da5a5cc elementor-invisible elementor-widget elementor-widget-rt-button\" data-id=\"da5a5cc\" data-element_type=\"widget\" data-widget_type=\"rt-button.default\">\n\t\t\t\t<div class=\"elementor-widget-container\">\n\t\t\t\t\t\r\n<div class=\"rt-button wow-off fadeInUp\" data-wow-delay=\"200ms\" data-wow-duration=\"1200ms\">\r\n\t        <a class=\"btn button-4\" href=\"https:\/\/eedtrans.com\/fr\/contact\/\" aria-label=\"button link\">\r\n            <span class=\"button-text\">Contactez-nous<\/span>\r\n            <span class=\"btn-round-shape\">\r\n                <i class=\"icon-arrow-right\"><\/i>            <\/span>\r\n        <\/a>\r\n\t<\/div>\t\t\t\t<\/div>\n\t\t\t\t<\/div>\n\t\t\t\t\t<\/div>\n\t\t\t\t<\/div>\n\t\t\t\t<\/div>","protected":false},"excerpt":{"rendered":"<p>Efficient Warehousing Warehousing &amp; Storage Cargo Port Servicesin Railway Transport Cargo ship loading port Cargo Ship Air Fright Forwarding Air Freight Railways Roundtable Railway Transport Logistics Regulations Land Transport Ocean Cargo Roundtable Cargo Transports Storage Cargo Transports Cargo Roundtable Cargo Transports Our team is ready to assist you anytime. For more information, feel free to [&hellip;]<\/p>","protected":false},"author":1,"featured_media":0,"parent":0,"menu_order":0,"comment_status":"closed","ping_status":"closed","template":"elementor_header_footer","meta":{"_monsterinsights_skip_tracking":false,"_monsterinsights_sitenote_active":false,"_monsterinsights_sitenote_note":"","_monsterinsights_sitenote_category":0,"_joinchat":[],"footnotes":""},"class_list":["post-11003","page","type-page","status-publish","hentry"],"aioseo_notices":[],"_links":{"self":[{"href":"https:\/\/eedtrans.com\/fr\/wp-json\/wp\/v2\/pages\/11003","targetHints":{"allow":["GET"]}}],"collection":[{"href":"https:\/\/eedtrans.com\/fr\/wp-json\/wp\/v2\/pages"}],"about":[{"href":"https:\/\/eedtrans.com\/fr\/wp-json\/wp\/v2\/types\/page"}],"author":[{"embeddable":true,"href":"https:\/\/eedtrans.com\/fr\/wp-json\/wp\/v2\/users\/1"}],"replies":[{"embeddable":true,"href":"https:\/\/eedtrans.com\/fr\/wp-json\/wp\/v2\/comments?post=11003"}],"version-history":[{"count":21,"href":"https:\/\/eedtrans.com\/fr\/wp-json\/wp\/v2\/pages\/11003\/revisions"}],"predecessor-version":[{"id":12476,"href":"https:\/\/eedtrans.com\/fr\/wp-json\/wp\/v2\/pages\/11003\/revisions\/12476"}],"wp:attachment":[{"href":"https:\/\/eedtrans.com\/fr\/wp-json\/wp\/v2\/media?parent=11003"}],"curies":[{"name":"wp","href":"https:\/\/api.w.org\/{rel}","templated":true}]}}