{"id":10916,"date":"2025-03-04T08:04:59","date_gmt":"2025-03-04T08:04:59","guid":{"rendered":"https:\/\/www.eedtrans.com\/demo\/wordpress\/themes\/kariez\/?page_id=10916"},"modified":"2025-09-10T13:15:44","modified_gmt":"2025-09-10T13:15:44","slug":"our-services","status":"publish","type":"page","link":"https:\/\/eedtrans.com\/fr\/our-services\/","title":{"rendered":"Nos Services"},"content":{"rendered":"<div data-elementor-type=\"wp-page\" data-elementor-id=\"10916\" class=\"elementor elementor-10916\">\n\t\t\t\t<div class=\"elementor-element elementor-element-a22a6a0 e-flex e-con-boxed rt-parallax-bg-no e-con e-parent\" data-id=\"a22a6a0\" data-element_type=\"container\" data-settings=\"{&quot;background_background&quot;:&quot;classic&quot;}\">\n\t\t\t\t\t<div class=\"e-con-inner\">\n\t\t<div class=\"elementor-element elementor-element-291615e e-con-full e-flex rt-parallax-bg-no e-con e-child\" data-id=\"291615e\" data-element_type=\"container\">\n\t\t\t\t<div class=\"elementor-element elementor-element-23e8db5 elementor-invisible elementor-widget elementor-widget-rt-title\" data-id=\"23e8db5\" data-element_type=\"widget\" data-widget_type=\"rt-title.default\">\n\t\t\t\t<div class=\"elementor-widget-container\">\n\t\t\t\t\t<div class=\"section-title-wrapper section-title-wrapper-layout-1\">\r\n\t<div class=\"title-inner-wrapper\">\r\n\t\t<!--Top Sub Title-->\r\n\t\t\t\t\t<div class=\"top-sub-title-wrap wow-off\t\t\tfadeInUp\" data-wow-delay=\"200ms\" data-wow-duration=\"1200ms\">\r\n                <div class=\"top-sub-title has-animation default\">\r\n\t                                        <span class=\"round-subtitle-shape\"><\/span>\r\n\t                                    Nos Services                <\/div>\r\n\t\t\t<\/div>\r\n\t\t\r\n\t\t<!--Main Title-->\r\n\t\t        <div class=\"wow-off fadeInUp\" data-wow-delay=\"400ms\" data-wow-duration=\"1200ms\">\r\n            <h2 class=\"main-title\">\r\n            Efficacit\u00e9 et s\u00e9curit\u00e9 garanties \u00e0 chaque exp\u00e9dition        <\/h2>\r\n        <\/div>\r\n        \r\n        <!--Description-->\r\n                \r\n    <\/div>\r\n<\/div>\t\t\t\t<\/div>\n\t\t\t\t<\/div>\n\t\t\t\t<\/div>\n\t\t<div class=\"elementor-element elementor-element-57771cb e-con-full e-flex rt-parallax-bg-no e-con e-child\" data-id=\"57771cb\" data-element_type=\"container\">\n\t\t<div class=\"elementor-element elementor-element-5b14045 e-con-full e-flex rt-parallax-bg-no e-con e-child\" data-id=\"5b14045\" data-element_type=\"container\">\n\t\t\t\t<div class=\"elementor-element elementor-element-0f7ac00 elementor-invisible elementor-widget elementor-widget-rt-info-box\" data-id=\"0f7ac00\" data-element_type=\"widget\" data-widget_type=\"rt-info-box.default\">\n\t\t\t\t<div class=\"elementor-widget-container\">\n\t\t\t\t\t\r\n<div class=\"rt-info-box rt-info-layout-1\">\r\n    <div class=\"info-box wow-off bounceInUp\" data-wow-delay=\"200ms\" data-wow-duration=\"1200ms\">\r\n                <div class=\"info-icon-holder icon-holder\">\r\n            <div class=\"info-icon\">\r\n                <a href=\"https:\/\/eedtrans.com\/fr\/services\/air-freight\/\" aria-label=\"info link\"><img fetchpriority=\"high\" decoding=\"async\" width=\"1536\" height=\"1024\" src=\"https:\/\/eedtrans.com\/wp-content\/uploads\/2025\/09\/ChatGPT-Image-Sep-10-2025-02_12_52-PM.png\" class=\"attachment-full size-full\" alt=\"\" srcset=\"https:\/\/eedtrans.com\/wp-content\/uploads\/2025\/09\/ChatGPT-Image-Sep-10-2025-02_12_52-PM.png 1536w, https:\/\/eedtrans.com\/wp-content\/uploads\/2025\/09\/ChatGPT-Image-Sep-10-2025-02_12_52-PM-300x200.png 300w, https:\/\/eedtrans.com\/wp-content\/uploads\/2025\/09\/ChatGPT-Image-Sep-10-2025-02_12_52-PM-1024x683.png 1024w, https:\/\/eedtrans.com\/wp-content\/uploads\/2025\/09\/ChatGPT-Image-Sep-10-2025-02_12_52-PM-768x512.png 768w, https:\/\/eedtrans.com\/wp-content\/uploads\/2025\/09\/ChatGPT-Image-Sep-10-2025-02_12_52-PM-18x12.png 18w\" sizes=\"(max-width: 1536px) 100vw, 1536px\" \/><\/a>            <\/div>\r\n\t                        <h3 class=\"info-title\"><a href=\"https:\/\/eedtrans.com\/fr\/services\/air-freight\/\" aria-label=\"info link\">\r\n                Fret a\u00e9rien<\/a><\/h3>\r\n                    <\/div>\r\n        \r\n\r\n        <div class=\"info-content-holder\">\r\n\t\t\t                <div class=\"content-holder\"><p>Solutions de fret a\u00e9rien rapides et s\u00e9curis\u00e9es pour une port\u00e9e mondiale<\/p><\/div>\r\n\t\t\t\r\n\t        \r\n\r\n\t\t\t        <\/div>\r\n    <\/div>\r\n<\/div>\t\t\t\t<\/div>\n\t\t\t\t<\/div>\n\t\t\t\t<\/div>\n\t\t<div class=\"elementor-element elementor-element-460b8a2 e-con-full e-flex rt-parallax-bg-no e-con e-child\" data-id=\"460b8a2\" data-element_type=\"container\">\n\t\t\t\t<div class=\"elementor-element elementor-element-915c87b elementor-invisible elementor-widget elementor-widget-rt-info-box\" data-id=\"915c87b\" data-element_type=\"widget\" data-widget_type=\"rt-info-box.default\">\n\t\t\t\t<div class=\"elementor-widget-container\">\n\t\t\t\t\t\r\n<div class=\"rt-info-box rt-info-layout-1\">\r\n    <div class=\"info-box wow-off bounceInUp\" data-wow-delay=\"400ms\" data-wow-duration=\"1200ms\">\r\n                <div class=\"info-icon-holder icon-holder\">\r\n            <div class=\"info-icon\">\r\n                <a href=\"https:\/\/eedtrans.com\/fr\/services\/sea-freight\/\" target=\"_blank\" rel=\"nofollow\" aria-label=\"info link\"><img decoding=\"async\" width=\"1536\" height=\"1024\" src=\"https:\/\/eedtrans.com\/wp-content\/uploads\/2025\/09\/ChatGPT-Image-Sep-10-2025-02_14_17-PM.png\" class=\"attachment-full size-full\" alt=\"\" srcset=\"https:\/\/eedtrans.com\/wp-content\/uploads\/2025\/09\/ChatGPT-Image-Sep-10-2025-02_14_17-PM.png 1536w, https:\/\/eedtrans.com\/wp-content\/uploads\/2025\/09\/ChatGPT-Image-Sep-10-2025-02_14_17-PM-300x200.png 300w, https:\/\/eedtrans.com\/wp-content\/uploads\/2025\/09\/ChatGPT-Image-Sep-10-2025-02_14_17-PM-1024x683.png 1024w, https:\/\/eedtrans.com\/wp-content\/uploads\/2025\/09\/ChatGPT-Image-Sep-10-2025-02_14_17-PM-768x512.png 768w, https:\/\/eedtrans.com\/wp-content\/uploads\/2025\/09\/ChatGPT-Image-Sep-10-2025-02_14_17-PM-18x12.png 18w\" sizes=\"(max-width: 1536px) 100vw, 1536px\" \/><\/a>            <\/div>\r\n\t                        <h3 class=\"info-title\"><a href=\"https:\/\/eedtrans.com\/fr\/services\/sea-freight\/\" target=\"_blank\" rel=\"nofollow\" aria-label=\"info link\">\r\n                Fret maritime<\/a><\/h3>\r\n                    <\/div>\r\n        \r\n\r\n        <div class=\"info-content-holder\">\r\n\t\t\t                <div class=\"content-holder\"><p>Solutions compl\u00e8tes d\u2019exp\u00e9dition et de logistique du Maroc vers le monde entier<\/p><\/div>\r\n\t\t\t\r\n\t        \r\n\r\n\t\t\t        <\/div>\r\n    <\/div>\r\n<\/div>\t\t\t\t<\/div>\n\t\t\t\t<\/div>\n\t\t\t\t<\/div>\n\t\t<div class=\"elementor-element elementor-element-7626bd4 e-con-full e-flex rt-parallax-bg-no e-con e-child\" data-id=\"7626bd4\" data-element_type=\"container\">\n\t\t\t\t<div class=\"elementor-element elementor-element-e9f2781 elementor-invisible elementor-widget elementor-widget-rt-info-box\" data-id=\"e9f2781\" data-element_type=\"widget\" data-widget_type=\"rt-info-box.default\">\n\t\t\t\t<div class=\"elementor-widget-container\">\n\t\t\t\t\t\r\n<div class=\"rt-info-box rt-info-layout-1\">\r\n    <div class=\"info-box wow-off bounceInUp\" data-wow-delay=\"600ms\" data-wow-duration=\"1200ms\">\r\n                <div class=\"info-icon-holder icon-holder\">\r\n            <div class=\"info-icon\">\r\n                <a href=\"https:\/\/eedtrans.com\/fr\/services\/inland-freight\/\" target=\"_blank\" rel=\"nofollow\" aria-label=\"info link\"><img decoding=\"async\" width=\"1536\" height=\"1024\" src=\"https:\/\/eedtrans.com\/wp-content\/uploads\/2025\/09\/ChatGPT-Image-Sep-10-2025-01_42_05-PM.png\" class=\"attachment-full size-full\" alt=\"\" srcset=\"https:\/\/eedtrans.com\/wp-content\/uploads\/2025\/09\/ChatGPT-Image-Sep-10-2025-01_42_05-PM.png 1536w, https:\/\/eedtrans.com\/wp-content\/uploads\/2025\/09\/ChatGPT-Image-Sep-10-2025-01_42_05-PM-300x200.png 300w, https:\/\/eedtrans.com\/wp-content\/uploads\/2025\/09\/ChatGPT-Image-Sep-10-2025-01_42_05-PM-1024x683.png 1024w, https:\/\/eedtrans.com\/wp-content\/uploads\/2025\/09\/ChatGPT-Image-Sep-10-2025-01_42_05-PM-768x512.png 768w, https:\/\/eedtrans.com\/wp-content\/uploads\/2025\/09\/ChatGPT-Image-Sep-10-2025-01_42_05-PM-18x12.png 18w\" sizes=\"(max-width: 1536px) 100vw, 1536px\" \/><\/a>            <\/div>\r\n\t                        <h3 class=\"info-title\"><a href=\"https:\/\/eedtrans.com\/fr\/services\/inland-freight\/\" target=\"_blank\" rel=\"nofollow\" aria-label=\"info link\">\r\n                Fret terrestre<\/a><\/h3>\r\n                    <\/div>\r\n        \r\n\r\n        <div class=\"info-content-holder\">\r\n\t\t\t                <div class=\"content-holder\"><p> Solutions de transport terrestre efficaces et fiables \u00e0 l\u2019\u00e9chelle mondiale<\/p><\/div>\r\n\t\t\t\r\n\t        \r\n\r\n\t\t\t        <\/div>\r\n    <\/div>\r\n<\/div>\t\t\t\t<\/div>\n\t\t\t\t<\/div>\n\t\t\t\t<\/div>\n\t\t\t\t<\/div>\n\t\t<div class=\"elementor-element elementor-element-abe8cc6 e-con-full e-flex rt-parallax-bg-no e-con e-child\" data-id=\"abe8cc6\" data-element_type=\"container\">\n\t\t<div class=\"elementor-element elementor-element-a2a46fc e-con-full e-flex rt-parallax-bg-no e-con e-child\" data-id=\"a2a46fc\" data-element_type=\"container\">\n\t\t\t\t<div class=\"elementor-element elementor-element-a3511f5 elementor-invisible elementor-widget elementor-widget-rt-info-box\" data-id=\"a3511f5\" data-element_type=\"widget\" data-widget_type=\"rt-info-box.default\">\n\t\t\t\t<div class=\"elementor-widget-container\">\n\t\t\t\t\t\r\n<div class=\"rt-info-box rt-info-layout-1\">\r\n    <div class=\"info-box wow bounceInUp\" data-wow-delay=\"200ms\" data-wow-duration=\"1200ms\">\r\n                <div class=\"info-icon-holder icon-holder\">\r\n            <div class=\"info-icon\">\r\n                <a href=\"https:\/\/eedtrans.com\/fr\/services\/storage\/\" target=\"_blank\" rel=\"nofollow\" aria-label=\"info link\"><img loading=\"lazy\" decoding=\"async\" width=\"630\" height=\"440\" src=\"https:\/\/eedtrans.com\/wp-content\/uploads\/2025\/06\/service-storage.png\" class=\"attachment-full size-full\" alt=\"\" srcset=\"https:\/\/eedtrans.com\/wp-content\/uploads\/2025\/06\/service-storage.png 630w, https:\/\/eedtrans.com\/wp-content\/uploads\/2025\/06\/service-storage-300x210.png 300w, https:\/\/eedtrans.com\/wp-content\/uploads\/2025\/06\/service-storage-18x12.png 18w\" sizes=\"(max-width: 630px) 100vw, 630px\" \/><\/a>            <\/div>\r\n\t                        <h3 class=\"info-title\"><a href=\"https:\/\/eedtrans.com\/fr\/services\/storage\/\" target=\"_blank\" rel=\"nofollow\" aria-label=\"info link\">\r\n                Stockage<\/a><\/h3>\r\n                    <\/div>\r\n        \r\n\r\n        <div class=\"info-content-holder\">\r\n\t\t\t                <div class=\"content-holder\"><p>Solutions d\u2019entreposage s\u00e9curis\u00e9es et flexibles, adapt\u00e9es aux besoins de votre cargaison<\/p><\/div>\r\n\t\t\t\r\n\t        \r\n\r\n\t\t\t        <\/div>\r\n    <\/div>\r\n<\/div>\t\t\t\t<\/div>\n\t\t\t\t<\/div>\n\t\t\t\t<\/div>\n\t\t<div class=\"elementor-element elementor-element-424f008 e-con-full e-flex rt-parallax-bg-no e-con e-child\" data-id=\"424f008\" data-element_type=\"container\">\n\t\t\t\t<div class=\"elementor-element elementor-element-8baf54d elementor-invisible elementor-widget elementor-widget-rt-info-box\" data-id=\"8baf54d\" data-element_type=\"widget\" data-widget_type=\"rt-info-box.default\">\n\t\t\t\t<div class=\"elementor-widget-container\">\n\t\t\t\t\t\r\n<div class=\"rt-info-box rt-info-layout-1\">\r\n    <div class=\"info-box wow bounceInUp\" data-wow-delay=\"400ms\" data-wow-duration=\"1200ms\">\r\n                <div class=\"info-icon-holder icon-holder\">\r\n            <div class=\"info-icon\">\r\n                <a href=\"https:\/\/eedtrans.com\/fr\/services\/customs-clearance\/\" target=\"_blank\" rel=\"nofollow\" aria-label=\"info link\"><img loading=\"lazy\" decoding=\"async\" width=\"630\" height=\"440\" src=\"https:\/\/eedtrans.com\/wp-content\/uploads\/2025\/06\/service-Customs-Clearance.png\" class=\"attachment-full size-full\" alt=\"\" srcset=\"https:\/\/eedtrans.com\/wp-content\/uploads\/2025\/06\/service-Customs-Clearance.png 630w, https:\/\/eedtrans.com\/wp-content\/uploads\/2025\/06\/service-Customs-Clearance-300x210.png 300w, https:\/\/eedtrans.com\/wp-content\/uploads\/2025\/06\/service-Customs-Clearance-18x12.png 18w\" sizes=\"(max-width: 630px) 100vw, 630px\" \/><\/a>            <\/div>\r\n\t                        <h3 class=\"info-title\"><a href=\"https:\/\/eedtrans.com\/fr\/services\/customs-clearance\/\" target=\"_blank\" rel=\"nofollow\" aria-label=\"info link\">\r\n                D\u00e9douanement<\/a><\/h3>\r\n                    <\/div>\r\n        \r\n\r\n        <div class=\"info-content-holder\">\r\n\t\t\t                <div class=\"content-holder\"><p> D\u00e9douanement sans tracas pour des op\u00e9rations d\u2019import et d\u2019export fluides<\/p><\/div>\r\n\t\t\t\r\n\t        \r\n\r\n\t\t\t        <\/div>\r\n    <\/div>\r\n<\/div>\t\t\t\t<\/div>\n\t\t\t\t<\/div>\n\t\t\t\t<\/div>\n\t\t<div class=\"elementor-element elementor-element-748f317 e-con-full e-flex rt-parallax-bg-no e-con e-child\" data-id=\"748f317\" data-element_type=\"container\">\n\t\t\t\t<div class=\"elementor-element elementor-element-9a48cec elementor-invisible elementor-widget elementor-widget-rt-info-box\" data-id=\"9a48cec\" data-element_type=\"widget\" data-widget_type=\"rt-info-box.default\">\n\t\t\t\t<div class=\"elementor-widget-container\">\n\t\t\t\t\t\r\n<div class=\"rt-info-box rt-info-layout-1\">\r\n    <div class=\"info-box wow bounceInUp\" data-wow-delay=\"600ms\" data-wow-duration=\"1200ms\">\r\n                <div class=\"info-icon-holder icon-holder\">\r\n            <div class=\"info-icon\">\r\n                <a href=\"https:\/\/eedtrans.com\/fr\/services\/security-for-cargo\/\" target=\"_blank\" rel=\"nofollow\" aria-label=\"info link\"><img loading=\"lazy\" decoding=\"async\" width=\"630\" height=\"440\" src=\"https:\/\/eedtrans.com\/wp-content\/uploads\/2025\/06\/service-Packaging-Crating.png\" class=\"attachment-full size-full\" alt=\"\" srcset=\"https:\/\/eedtrans.com\/wp-content\/uploads\/2025\/06\/service-Packaging-Crating.png 630w, https:\/\/eedtrans.com\/wp-content\/uploads\/2025\/06\/service-Packaging-Crating-300x210.png 300w, https:\/\/eedtrans.com\/wp-content\/uploads\/2025\/06\/service-Packaging-Crating-18x12.png 18w\" sizes=\"(max-width: 630px) 100vw, 630px\" \/><\/a>            <\/div>\r\n\t                        <h3 class=\"info-title\"><a href=\"https:\/\/eedtrans.com\/fr\/services\/security-for-cargo\/\" target=\"_blank\" rel=\"nofollow\" aria-label=\"info link\">\r\n                Emballage &amp; Calage<\/a><\/h3>\r\n                    <\/div>\r\n        \r\n\r\n        <div class=\"info-content-holder\">\r\n\t\t\t                <div class=\"content-holder\"><p> Solutions professionnelles d\u2019emballage de cargaison pour prot\u00e9ger vos marchandises pendant le transport<\/p><\/div>\r\n\t\t\t\r\n\t        \r\n\r\n\t\t\t        <\/div>\r\n    <\/div>\r\n<\/div>\t\t\t\t<\/div>\n\t\t\t\t<\/div>\n\t\t\t\t<\/div>\n\t\t\t\t<\/div>\n\t\t<div class=\"elementor-element elementor-element-ed958ae e-con-full e-flex rt-parallax-bg-no e-con e-child\" data-id=\"ed958ae\" data-element_type=\"container\" data-settings=\"{&quot;background_background&quot;:&quot;classic&quot;}\">\n\t\t\t\t<div class=\"elementor-element elementor-element-54f6331 elementor-invisible elementor-widget elementor-widget-rt-counter\" data-id=\"54f6331\" data-element_type=\"widget\" data-widget_type=\"rt-counter.default\">\n\t\t\t\t<div class=\"elementor-widget-container\">\n\t\t\t\t\t\r\n<div class=\"rt-counter-layout rt-counter-layout-2\" data-parallax='{\"y\" : , \"x\" : }'>\r\n\t<div class=\"rt-counter-box wow fadeIn\" data-wow-delay=\"200ms\" data-wow-duration=\"1200ms\">\r\n        <div class=\"counter-wrap\">\r\n\r\n        <div class=\"counter-number\">\r\n            <span class=\"counter\" data-num=\"32\" data-rtspeed=\"5000\" data-rtsteps=\"10\" data-hover=\"32\">32<\/span>\r\n            <span class=\"counter-unit\" data-hover=\"K+\">K+ <\/span>        <\/div>\r\n                                        <p class=\"counter-label\">Clients dans le monde entier<\/p>\r\n            \r\n        <\/div>\r\n\r\n    <\/div>\r\n<\/div>\t\t\t\t<\/div>\n\t\t\t\t<\/div>\n\t\t\t\t<div class=\"elementor-element elementor-element-bd91b60 elementor-invisible elementor-widget elementor-widget-rt-counter\" data-id=\"bd91b60\" data-element_type=\"widget\" data-widget_type=\"rt-counter.default\">\n\t\t\t\t<div class=\"elementor-widget-container\">\n\t\t\t\t\t\r\n<div class=\"rt-counter-layout rt-counter-layout-2\" data-parallax='{\"y\" : , \"x\" : }'>\r\n\t<div class=\"rt-counter-box wow fadeIn\" data-wow-delay=\"200ms\" data-wow-duration=\"1200ms\">\r\n        <div class=\"counter-wrap\">\r\n\r\n        <div class=\"counter-number\">\r\n            <span class=\"counter\" data-num=\"154\" data-rtspeed=\"5000\" data-rtsteps=\"10\" data-hover=\"154\">154<\/span>\r\n            <span class=\"counter-unit\" data-hover=\"+\">+ <\/span>        <\/div>\r\n                                        <p class=\"counter-label\">Pays couverts<\/p>\r\n            \r\n        <\/div>\r\n\r\n    <\/div>\r\n<\/div>\t\t\t\t<\/div>\n\t\t\t\t<\/div>\n\t\t\t\t<div class=\"elementor-element elementor-element-31c963b elementor-invisible elementor-widget elementor-widget-rt-counter\" data-id=\"31c963b\" data-element_type=\"widget\" data-widget_type=\"rt-counter.default\">\n\t\t\t\t<div class=\"elementor-widget-container\">\n\t\t\t\t\t\r\n<div class=\"rt-counter-layout rt-counter-layout-2\" data-parallax='{\"y\" : , \"x\" : }'>\r\n\t<div class=\"rt-counter-box wow fadeIn\" data-wow-delay=\"200ms\" data-wow-duration=\"1200ms\">\r\n        <div class=\"counter-wrap\">\r\n\r\n        <div class=\"counter-number\">\r\n            <span class=\"counter\" data-num=\"8845\" data-rtspeed=\"5000\" data-rtsteps=\"10\" data-hover=\"8845\">8845<\/span>\r\n                    <\/div>\r\n                                        <p class=\"counter-label\">Colis livr\u00e9s<\/p>\r\n            \r\n        <\/div>\r\n\r\n    <\/div>\r\n<\/div>\t\t\t\t<\/div>\n\t\t\t\t<\/div>\n\t\t\t\t<\/div>\n\t\t\t\t\t<\/div>\n\t\t\t\t<\/div>\n\t\t<div class=\"elementor-element elementor-element-42ade6c e-flex e-con-boxed rt-parallax-bg-no e-con e-parent\" data-id=\"42ade6c\" data-element_type=\"container\" data-settings=\"{&quot;background_background&quot;:&quot;classic&quot;}\">\n\t\t\t\t\t<div class=\"e-con-inner\">\n\t\t\t\t<div class=\"elementor-element elementor-element-3f52e647 elementor-invisible elementor-widget elementor-widget-rt-title\" data-id=\"3f52e647\" data-element_type=\"widget\" data-widget_type=\"rt-title.default\">\n\t\t\t\t<div class=\"elementor-widget-container\">\n\t\t\t\t\t<div class=\"section-title-wrapper section-title-wrapper-layout-1\">\r\n\t<div class=\"title-inner-wrapper\">\r\n\t\t<!--Top Sub Title-->\r\n\t\t\r\n\t\t<!--Main Title-->\r\n\t\t        <div class=\"wow-off fadeInUp\" data-wow-delay=\"400ms\" data-wow-duration=\"1200ms\">\r\n            <h2 class=\"main-title\">\r\n            Notre \u00e9quipe est pr\u00eate \u00e0 vous assister \u00e0 tout moment.        <\/h2>\r\n        <\/div>\r\n        \r\n        <!--Description-->\r\n                    <div class=\"description wow-off fadeInUp\" data-wow-delay=\"600ms\" data-wow-duration=\"1200ms\"><p>Pour plus d\u2019informations, n\u2019h\u00e9sitez pas \u00e0 nous contacter.<\/p><\/div>\r\n                \r\n    <\/div>\r\n<\/div>\t\t\t\t<\/div>\n\t\t\t\t<\/div>\n\t\t\t\t<div class=\"elementor-element elementor-element-f12d6b4 elementor-invisible elementor-widget elementor-widget-rt-button\" data-id=\"f12d6b4\" data-element_type=\"widget\" data-widget_type=\"rt-button.default\">\n\t\t\t\t<div class=\"elementor-widget-container\">\n\t\t\t\t\t\r\n<div class=\"rt-button wow-off fadeInUp\" data-wow-delay=\"200ms\" data-wow-duration=\"1200ms\">\r\n\t        <a class=\"btn button-4\" href=\"https:\/\/eedtrans.com\/fr\/contact\/\" aria-label=\"button link\">\r\n            <span class=\"button-text\">Contactez-nous<\/span>\r\n            <span class=\"btn-round-shape\">\r\n                <i class=\"icon-arrow-right\"><\/i>            <\/span>\r\n        <\/a>\r\n\t<\/div>\t\t\t\t<\/div>\n\t\t\t\t<\/div>\n\t\t\t\t\t<\/div>\n\t\t\t\t<\/div>\n\t\t\t\t<\/div>","protected":false},"excerpt":{"rendered":"<p>our services Guaranteed Efficiency and Safety in Every Shipment Air Freight Swift and Secure Air Freight Solutions for Global Reach Sea Freight Comprehensive Shipping &amp; Logistics Solutions from Morocco to the World Inland Freight Efficient and Reliable Ground Transport Solutions Across world Storage Secure and Flexible Warehousing Solutions Tailored to Your Cargo Needs Customs Clearance [&hellip;]<\/p>","protected":false},"author":1,"featured_media":0,"parent":0,"menu_order":0,"comment_status":"closed","ping_status":"closed","template":"elementor_header_footer","meta":{"_monsterinsights_skip_tracking":false,"_monsterinsights_sitenote_active":false,"_monsterinsights_sitenote_note":"","_monsterinsights_sitenote_category":0,"_joinchat":[],"footnotes":""},"class_list":["post-10916","page","type-page","status-publish","hentry"],"aioseo_notices":[],"_links":{"self":[{"href":"https:\/\/eedtrans.com\/fr\/wp-json\/wp\/v2\/pages\/10916","targetHints":{"allow":["GET"]}}],"collection":[{"href":"https:\/\/eedtrans.com\/fr\/wp-json\/wp\/v2\/pages"}],"about":[{"href":"https:\/\/eedtrans.com\/fr\/wp-json\/wp\/v2\/types\/page"}],"author":[{"embeddable":true,"href":"https:\/\/eedtrans.com\/fr\/wp-json\/wp\/v2\/users\/1"}],"replies":[{"embeddable":true,"href":"https:\/\/eedtrans.com\/fr\/wp-json\/wp\/v2\/comments?post=10916"}],"version-history":[{"count":66,"href":"https:\/\/eedtrans.com\/fr\/wp-json\/wp\/v2\/pages\/10916\/revisions"}],"predecessor-version":[{"id":12465,"href":"https:\/\/eedtrans.com\/fr\/wp-json\/wp\/v2\/pages\/10916\/revisions\/12465"}],"wp:attachment":[{"href":"https:\/\/eedtrans.com\/fr\/wp-json\/wp\/v2\/media?parent=10916"}],"curies":[{"name":"wp","href":"https:\/\/api.w.org\/{rel}","templated":true}]}}